{"id":24486,"date":"2025-01-12T12:29:32","date_gmt":"2025-01-12T11:29:32","guid":{"rendered":"https:\/\/lemonysoap.com\/product\/cotton-rope-basket\/"},"modified":"2025-02-07T17:08:49","modified_gmt":"2025-02-07T16:08:49","slug":"cotton-rope-basket","status":"publish","type":"product","link":"https:\/\/lemonysoap.com\/pl\/produkt\/cotton-rope-basket\/","title":{"rendered":"Cotton Rope Basket"},"content":{"rendered":"<p>Durable material with modern look<br \/>\nConvenient solution for storing towels or blankets<br \/>\nDurable material<br \/>\nStrong handles<\/p>\n<p>Note: The basket comes in folded form. It returns to its original shape by filling it with towels or blankets.<\/p>\n","protected":false},"excerpt":{"rendered":"<p>This is the short description for all the products.<\/p>\n","protected":false},"featured_media":24078,"comment_status":"open","ping_status":"closed","template":"","meta":[],"product_brand":[],"product_cat":[135],"product_tag":[136,137,138],"class_list":{"0":"post-24486","1":"product","2":"type-product","3":"status-publish","4":"has-post-thumbnail","6":"product_cat-home-organization-and-storage-pl","7":"product_tag-large-pl","8":"product_tag-rope-basket-pl","9":"product_tag-woven-basket-pl","11":"first","12":"instock","13":"taxable","14":"shipping-taxable","15":"purchasable","16":"product-type-variable","17":"has-default-attributes"},"yoast_head":"<!-- This site is optimized with the Yoast SEO Premium plugin v24.4 (Yoast SEO v27.4) - https:\/\/yoast.com\/product\/yoast-seo-premium-wordpress\/ -->\n<title>Cotton Rope Basket - Lemony Soap<\/title>\n<meta name=\"robots\" content=\"index, follow, max-snippet:-1, max-image-preview:large, max-video-preview:-1\" \/>\n<link rel=\"canonical\" href=\"https:\/\/lemonysoap.com\/pl\/produkt\/cotton-rope-basket\/\" \/>\n<meta property=\"og:locale\" content=\"pl_PL\" \/>\n<meta property=\"og:type\" content=\"article\" \/>\n<meta property=\"og:title\" content=\"Cotton Rope Basket\" \/>\n<meta property=\"og:description\" content=\"This is the short description for all the products.\" \/>\n<meta property=\"og:url\" content=\"https:\/\/lemonysoap.com\/pl\/produkt\/cotton-rope-basket\/\" \/>\n<meta property=\"og:site_name\" content=\"Lemony Soap\" \/>\n<meta property=\"article:modified_time\" content=\"2025-02-07T16:08:49+00:00\" \/>\n<meta property=\"og:image\" content=\"https:\/\/lemonysoap.com\/wp-content\/uploads\/2025\/01\/Grey-basket-XXX-main-2.jpg\" \/>\n\t<meta property=\"og:image:width\" content=\"2000\" \/>\n\t<meta property=\"og:image:height\" content=\"2000\" \/>\n\t<meta property=\"og:image:type\" content=\"image\/jpeg\" \/>\n<meta name=\"twitter:card\" content=\"summary_large_image\" \/>\n<meta name=\"twitter:label1\" content=\"Dost\u0119pno\u015b\u0107\" \/>\n\t<meta name=\"twitter:data1\" content=\"Dost\u0119pny\" \/>\n<script type=\"application\/ld+json\" class=\"yoast-schema-graph\">{\"@context\":\"https:\\\/\\\/schema.org\",\"@graph\":[{\"@type\":\"WebPage\",\"@id\":\"https:\\\/\\\/lemonysoap.com\\\/pl\\\/produkt\\\/cotton-rope-basket\\\/\",\"url\":\"https:\\\/\\\/lemonysoap.com\\\/pl\\\/produkt\\\/cotton-rope-basket\\\/\",\"name\":\"Cotton Rope Basket - Lemony Soap\",\"isPartOf\":{\"@id\":\"https:\\\/\\\/lemonysoap.com\\\/pl\\\/#website\"},\"primaryImageOfPage\":{\"@id\":\"https:\\\/\\\/lemonysoap.com\\\/pl\\\/produkt\\\/cotton-rope-basket\\\/#primaryimage\"},\"image\":{\"@id\":\"https:\\\/\\\/lemonysoap.com\\\/pl\\\/produkt\\\/cotton-rope-basket\\\/#primaryimage\"},\"thumbnailUrl\":\"https:\\\/\\\/lemonysoap.com\\\/wp-content\\\/uploads\\\/2025\\\/01\\\/Grey-basket-XXX-main-2.jpg\",\"datePublished\":\"2025-01-12T11:29:32+00:00\",\"dateModified\":\"2025-02-07T16:08:49+00:00\",\"breadcrumb\":{\"@id\":\"https:\\\/\\\/lemonysoap.com\\\/pl\\\/produkt\\\/cotton-rope-basket\\\/#breadcrumb\"},\"inLanguage\":\"pl-PL\",\"potentialAction\":[{\"@type\":\"ReadAction\",\"target\":[\"https:\\\/\\\/lemonysoap.com\\\/pl\\\/produkt\\\/cotton-rope-basket\\\/\"]}]},{\"@type\":\"ImageObject\",\"inLanguage\":\"pl-PL\",\"@id\":\"https:\\\/\\\/lemonysoap.com\\\/pl\\\/produkt\\\/cotton-rope-basket\\\/#primaryimage\",\"url\":\"https:\\\/\\\/lemonysoap.com\\\/wp-content\\\/uploads\\\/2025\\\/01\\\/Grey-basket-XXX-main-2.jpg\",\"contentUrl\":\"https:\\\/\\\/lemonysoap.com\\\/wp-content\\\/uploads\\\/2025\\\/01\\\/Grey-basket-XXX-main-2.jpg\",\"width\":2000,\"height\":2000},{\"@type\":\"BreadcrumbList\",\"@id\":\"https:\\\/\\\/lemonysoap.com\\\/pl\\\/produkt\\\/cotton-rope-basket\\\/#breadcrumb\",\"itemListElement\":[{\"@type\":\"ListItem\",\"position\":1,\"name\":\"Home\",\"item\":\"https:\\\/\\\/lemonysoap.com\\\/pl\\\/\"},{\"@type\":\"ListItem\",\"position\":2,\"name\":\"Shop\",\"item\":\"https:\\\/\\\/lemonysoap.com\\\/shop\\\/\"},{\"@type\":\"ListItem\",\"position\":3,\"name\":\"Cotton Rope Basket\"}]},{\"@type\":\"WebSite\",\"@id\":\"https:\\\/\\\/lemonysoap.com\\\/pl\\\/#website\",\"url\":\"https:\\\/\\\/lemonysoap.com\\\/pl\\\/\",\"name\":\"Lemony Soap\",\"description\":\"Bottling the magic of Lemons.\",\"publisher\":{\"@id\":\"https:\\\/\\\/lemonysoap.com\\\/pl\\\/#organization\"},\"potentialAction\":[{\"@type\":\"SearchAction\",\"target\":{\"@type\":\"EntryPoint\",\"urlTemplate\":\"https:\\\/\\\/lemonysoap.com\\\/pl\\\/?s={search_term_string}\"},\"query-input\":{\"@type\":\"PropertyValueSpecification\",\"valueRequired\":true,\"valueName\":\"search_term_string\"}}],\"inLanguage\":\"pl-PL\"},{\"@type\":\"Organization\",\"@id\":\"https:\\\/\\\/lemonysoap.com\\\/pl\\\/#organization\",\"name\":\"Lemony Soap\",\"url\":\"https:\\\/\\\/lemonysoap.com\\\/pl\\\/\",\"logo\":{\"@type\":\"ImageObject\",\"inLanguage\":\"pl-PL\",\"@id\":\"https:\\\/\\\/lemonysoap.com\\\/pl\\\/#\\\/schema\\\/logo\\\/image\\\/\",\"url\":\"https:\\\/\\\/lemonysoap.com\\\/wp-content\\\/uploads\\\/2025\\\/01\\\/cropped-small-lemony-blue.png\",\"contentUrl\":\"https:\\\/\\\/lemonysoap.com\\\/wp-content\\\/uploads\\\/2025\\\/01\\\/cropped-small-lemony-blue.png\",\"width\":150,\"height\":70,\"caption\":\"Lemony Soap\"},\"image\":{\"@id\":\"https:\\\/\\\/lemonysoap.com\\\/pl\\\/#\\\/schema\\\/logo\\\/image\\\/\"}}]}<\/script>\n<meta property=\"og:availability\" content=\"instock\" \/>\n<meta property=\"product:availability\" content=\"instock\" \/>\n<meta property=\"product:condition\" content=\"new\" \/>\n<!-- \/ Yoast SEO Premium plugin. -->","yoast_head_json":{"title":"Cotton Rope Basket - Lemony Soap","robots":{"index":"index","follow":"follow","max-snippet":"max-snippet:-1","max-image-preview":"max-image-preview:large","max-video-preview":"max-video-preview:-1"},"canonical":"https:\/\/lemonysoap.com\/pl\/produkt\/cotton-rope-basket\/","og_locale":"pl_PL","og_type":"article","og_title":"Cotton Rope Basket","og_description":"This is the short description for all the products.","og_url":"https:\/\/lemonysoap.com\/pl\/produkt\/cotton-rope-basket\/","og_site_name":"Lemony Soap","article_modified_time":"2025-02-07T16:08:49+00:00","og_image":[{"width":2000,"height":2000,"url":"https:\/\/lemonysoap.com\/wp-content\/uploads\/2025\/01\/Grey-basket-XXX-main-2.jpg","type":"image\/jpeg"}],"twitter_card":"summary_large_image","twitter_misc":{"Dost\u0119pno\u015b\u0107":"Dost\u0119pny"},"schema":{"@context":"https:\/\/schema.org","@graph":[{"@type":"WebPage","@id":"https:\/\/lemonysoap.com\/pl\/produkt\/cotton-rope-basket\/","url":"https:\/\/lemonysoap.com\/pl\/produkt\/cotton-rope-basket\/","name":"Cotton Rope Basket - Lemony Soap","isPartOf":{"@id":"https:\/\/lemonysoap.com\/pl\/#website"},"primaryImageOfPage":{"@id":"https:\/\/lemonysoap.com\/pl\/produkt\/cotton-rope-basket\/#primaryimage"},"image":{"@id":"https:\/\/lemonysoap.com\/pl\/produkt\/cotton-rope-basket\/#primaryimage"},"thumbnailUrl":"https:\/\/lemonysoap.com\/wp-content\/uploads\/2025\/01\/Grey-basket-XXX-main-2.jpg","datePublished":"2025-01-12T11:29:32+00:00","dateModified":"2025-02-07T16:08:49+00:00","breadcrumb":{"@id":"https:\/\/lemonysoap.com\/pl\/produkt\/cotton-rope-basket\/#breadcrumb"},"inLanguage":"pl-PL","potentialAction":[{"@type":"ReadAction","target":["https:\/\/lemonysoap.com\/pl\/produkt\/cotton-rope-basket\/"]}]},{"@type":"ImageObject","inLanguage":"pl-PL","@id":"https:\/\/lemonysoap.com\/pl\/produkt\/cotton-rope-basket\/#primaryimage","url":"https:\/\/lemonysoap.com\/wp-content\/uploads\/2025\/01\/Grey-basket-XXX-main-2.jpg","contentUrl":"https:\/\/lemonysoap.com\/wp-content\/uploads\/2025\/01\/Grey-basket-XXX-main-2.jpg","width":2000,"height":2000},{"@type":"BreadcrumbList","@id":"https:\/\/lemonysoap.com\/pl\/produkt\/cotton-rope-basket\/#breadcrumb","itemListElement":[{"@type":"ListItem","position":1,"name":"Home","item":"https:\/\/lemonysoap.com\/pl\/"},{"@type":"ListItem","position":2,"name":"Shop","item":"https:\/\/lemonysoap.com\/shop\/"},{"@type":"ListItem","position":3,"name":"Cotton Rope Basket"}]},{"@type":"WebSite","@id":"https:\/\/lemonysoap.com\/pl\/#website","url":"https:\/\/lemonysoap.com\/pl\/","name":"Lemony Soap","description":"Bottling the magic of Lemons.","publisher":{"@id":"https:\/\/lemonysoap.com\/pl\/#organization"},"potentialAction":[{"@type":"SearchAction","target":{"@type":"EntryPoint","urlTemplate":"https:\/\/lemonysoap.com\/pl\/?s={search_term_string}"},"query-input":{"@type":"PropertyValueSpecification","valueRequired":true,"valueName":"search_term_string"}}],"inLanguage":"pl-PL"},{"@type":"Organization","@id":"https:\/\/lemonysoap.com\/pl\/#organization","name":"Lemony Soap","url":"https:\/\/lemonysoap.com\/pl\/","logo":{"@type":"ImageObject","inLanguage":"pl-PL","@id":"https:\/\/lemonysoap.com\/pl\/#\/schema\/logo\/image\/","url":"https:\/\/lemonysoap.com\/wp-content\/uploads\/2025\/01\/cropped-small-lemony-blue.png","contentUrl":"https:\/\/lemonysoap.com\/wp-content\/uploads\/2025\/01\/cropped-small-lemony-blue.png","width":150,"height":70,"caption":"Lemony Soap"},"image":{"@id":"https:\/\/lemonysoap.com\/pl\/#\/schema\/logo\/image\/"}}]},"og_availability":"instock","product_availability":"instock","product_condition":"new"},"_links":{"self":[{"href":"https:\/\/lemonysoap.com\/pl\/wp-json\/wp\/v2\/product\/24486","targetHints":{"allow":["GET"]}}],"collection":[{"href":"https:\/\/lemonysoap.com\/pl\/wp-json\/wp\/v2\/product"}],"about":[{"href":"https:\/\/lemonysoap.com\/pl\/wp-json\/wp\/v2\/types\/product"}],"replies":[{"embeddable":true,"href":"https:\/\/lemonysoap.com\/pl\/wp-json\/wp\/v2\/comments?post=24486"}],"version-history":[{"count":1,"href":"https:\/\/lemonysoap.com\/pl\/wp-json\/wp\/v2\/product\/24486\/revisions"}],"predecessor-version":[{"id":24495,"href":"https:\/\/lemonysoap.com\/pl\/wp-json\/wp\/v2\/product\/24486\/revisions\/24495"}],"wp:featuredmedia":[{"embeddable":true,"href":"https:\/\/lemonysoap.com\/pl\/wp-json\/wp\/v2\/media\/24078"}],"wp:attachment":[{"href":"https:\/\/lemonysoap.com\/pl\/wp-json\/wp\/v2\/media?parent=24486"}],"wp:term":[{"taxonomy":"product_brand","embeddable":true,"href":"https:\/\/lemonysoap.com\/pl\/wp-json\/wp\/v2\/product_brand?post=24486"},{"taxonomy":"product_cat","embeddable":true,"href":"https:\/\/lemonysoap.com\/pl\/wp-json\/wp\/v2\/product_cat?post=24486"},{"taxonomy":"product_tag","embeddable":true,"href":"https:\/\/lemonysoap.com\/pl\/wp-json\/wp\/v2\/product_tag?post=24486"}],"curies":[{"name":"wp","href":"https:\/\/api.w.org\/{rel}","templated":true}]}}