{"id":23701,"date":"2025-01-08T19:50:06","date_gmt":"2025-01-08T18:50:06","guid":{"rendered":"https:\/\/lemonysoap.com\/product\/liquid-soap-500-ml\/"},"modified":"2025-03-28T13:24:11","modified_gmt":"2025-03-28T12:24:11","slug":"liquid-soap-500-ml","status":"publish","type":"product","link":"https:\/\/lemonysoap.com\/hu\/termek\/liquid-soap-500-ml\/","title":{"rendered":"Liquid Soap 500 ml"},"content":{"rendered":"<p>Magyar A classic infusion of fresh lemon essence, offering a crisp and invigorating cleanse that awakens your senses with every wash.<\/p>\n<p><strong>Ingredients: <\/strong><br \/>\nAqua, Sodium Laureth Sulfate, Cocamide DEA, Sodium Chlo- ride, Cocamidopropyl Beta- ine, Parfum, Glycerin, Sodium C10-13 Alkyl, Benzenesulfonate, Citric Acid,<br \/>\nMethychloroisothiazolinone,<br \/>\nCI 19140, Phenoxyethanol, Methylisothiazolinone, Ethylhexylglycerin, Citral<\/p>\n","protected":false},"excerpt":{"rendered":"<p>Magyar A classic infusion of fresh lemon essence, offering a crisp and invigorating cleanse that awakens your senses with every wash. Ingredients: Aqua, Sodium Laureth Sulfate, Cocamide DEA, Sodium Chlo- ride, Cocamidopropyl Beta- ine, Parfum, Glycerin, Sodium C10-13 Alkyl, Benzenesulfonate, Citric Acid, Methychloroisothiazolinone, CI 19140, Phenoxyethanol, Methylisothiazolinone, Ethylhexylglycerin, Citral<\/p>\n","protected":false},"featured_media":24924,"comment_status":"open","ping_status":"closed","template":"","meta":[],"product_brand":[143],"product_cat":[114],"product_tag":[115,116,117],"class_list":{"0":"post-23701","1":"product","2":"type-product","3":"status-publish","4":"has-post-thumbnail","6":"product_brand-lemony-soap","7":"product_cat-liquid-soap-hu","8":"product_tag-lemon-hu","9":"product_tag-lemon-mint-hu","10":"product_tag-lemon-tutti-frutti-hu","12":"first","13":"instock","14":"taxable","15":"shipping-taxable","16":"purchasable","17":"product-type-variable","18":"has-default-attributes"},"yoast_head":"<!-- This site is optimized with the Yoast SEO Premium plugin v24.4 (Yoast SEO v27.4) - https:\/\/yoast.com\/product\/yoast-seo-premium-wordpress\/ -->\n<title>Liquid Soap 500 ml - Lemony Soap<\/title>\n<meta name=\"robots\" content=\"index, follow, max-snippet:-1, max-image-preview:large, max-video-preview:-1\" \/>\n<link rel=\"canonical\" href=\"https:\/\/lemonysoap.com\/hu\/termek\/liquid-soap-500-ml\/\" \/>\n<meta property=\"og:locale\" content=\"hu_HU\" \/>\n<meta property=\"og:type\" content=\"article\" \/>\n<meta property=\"og:title\" content=\"Liquid Soap 500 ml\" \/>\n<meta property=\"og:description\" content=\"Magyar A classic infusion of fresh lemon essence, offering a crisp and invigorating cleanse that awakens your senses with every wash. Ingredients: Aqua, Sodium Laureth Sulfate, Cocamide DEA, Sodium Chlo- ride, Cocamidopropyl Beta- ine, Parfum, Glycerin, Sodium C10-13 Alkyl, Benzenesulfonate, Citric Acid, Methychloroisothiazolinone, CI 19140, Phenoxyethanol, Methylisothiazolinone, Ethylhexylglycerin, Citral\" \/>\n<meta property=\"og:url\" content=\"https:\/\/lemonysoap.com\/hu\/termek\/liquid-soap-500-ml\/\" \/>\n<meta property=\"og:site_name\" content=\"Lemony Soap\" \/>\n<meta property=\"article:modified_time\" content=\"2025-03-28T12:24:11+00:00\" \/>\n<meta property=\"og:image\" content=\"https:\/\/lemonysoap.com\/wp-content\/uploads\/2025\/01\/IMG_7273.jpg\" \/>\n\t<meta property=\"og:image:width\" content=\"1512\" \/>\n\t<meta property=\"og:image:height\" content=\"1512\" \/>\n\t<meta property=\"og:image:type\" content=\"image\/jpeg\" \/>\n<meta name=\"twitter:card\" content=\"summary_large_image\" \/>\n<meta name=\"twitter:label1\" content=\"El\u00e9rhet\u0151s\u00e9g\" \/>\n\t<meta name=\"twitter:data1\" content=\"K\u00e9szleten\" \/>\n<script type=\"application\/ld+json\" class=\"yoast-schema-graph\">{\"@context\":\"https:\\\/\\\/schema.org\",\"@graph\":[{\"@type\":\"WebPage\",\"@id\":\"https:\\\/\\\/lemonysoap.com\\\/hu\\\/termek\\\/liquid-soap-500-ml\\\/\",\"url\":\"https:\\\/\\\/lemonysoap.com\\\/hu\\\/termek\\\/liquid-soap-500-ml\\\/\",\"name\":\"Liquid Soap 500 ml - Lemony Soap\",\"isPartOf\":{\"@id\":\"https:\\\/\\\/lemonysoap.com\\\/hu\\\/#website\"},\"primaryImageOfPage\":{\"@id\":\"https:\\\/\\\/lemonysoap.com\\\/hu\\\/termek\\\/liquid-soap-500-ml\\\/#primaryimage\"},\"image\":{\"@id\":\"https:\\\/\\\/lemonysoap.com\\\/hu\\\/termek\\\/liquid-soap-500-ml\\\/#primaryimage\"},\"thumbnailUrl\":\"https:\\\/\\\/lemonysoap.com\\\/wp-content\\\/uploads\\\/lemon-2.jpg\",\"datePublished\":\"2025-01-08T18:50:06+00:00\",\"dateModified\":\"2025-03-28T12:24:11+00:00\",\"breadcrumb\":{\"@id\":\"https:\\\/\\\/lemonysoap.com\\\/hu\\\/termek\\\/liquid-soap-500-ml\\\/#breadcrumb\"},\"inLanguage\":\"hu\",\"potentialAction\":[{\"@type\":\"ReadAction\",\"target\":[\"https:\\\/\\\/lemonysoap.com\\\/hu\\\/termek\\\/liquid-soap-500-ml\\\/\"]}]},{\"@type\":\"ImageObject\",\"inLanguage\":\"hu\",\"@id\":\"https:\\\/\\\/lemonysoap.com\\\/hu\\\/termek\\\/liquid-soap-500-ml\\\/#primaryimage\",\"url\":\"https:\\\/\\\/lemonysoap.com\\\/wp-content\\\/uploads\\\/lemon-2.jpg\",\"contentUrl\":\"https:\\\/\\\/lemonysoap.com\\\/wp-content\\\/uploads\\\/lemon-2.jpg\",\"width\":2000,\"height\":2000},{\"@type\":\"BreadcrumbList\",\"@id\":\"https:\\\/\\\/lemonysoap.com\\\/hu\\\/termek\\\/liquid-soap-500-ml\\\/#breadcrumb\",\"itemListElement\":[{\"@type\":\"ListItem\",\"position\":1,\"name\":\"Home\",\"item\":\"https:\\\/\\\/lemonysoap.com\\\/hu\\\/\"},{\"@type\":\"ListItem\",\"position\":2,\"name\":\"Shop\",\"item\":\"https:\\\/\\\/lemonysoap.com\\\/shop\\\/\"},{\"@type\":\"ListItem\",\"position\":3,\"name\":\"Liquid Soap 500 ml\"}]},{\"@type\":\"WebSite\",\"@id\":\"https:\\\/\\\/lemonysoap.com\\\/hu\\\/#website\",\"url\":\"https:\\\/\\\/lemonysoap.com\\\/hu\\\/\",\"name\":\"Lemony Soap\",\"description\":\"Bottling the magic of Lemons.\",\"publisher\":{\"@id\":\"https:\\\/\\\/lemonysoap.com\\\/hu\\\/#organization\"},\"potentialAction\":[{\"@type\":\"SearchAction\",\"target\":{\"@type\":\"EntryPoint\",\"urlTemplate\":\"https:\\\/\\\/lemonysoap.com\\\/hu\\\/?s={search_term_string}\"},\"query-input\":{\"@type\":\"PropertyValueSpecification\",\"valueRequired\":true,\"valueName\":\"search_term_string\"}}],\"inLanguage\":\"hu\"},{\"@type\":\"Organization\",\"@id\":\"https:\\\/\\\/lemonysoap.com\\\/hu\\\/#organization\",\"name\":\"Lemony Soap\",\"url\":\"https:\\\/\\\/lemonysoap.com\\\/hu\\\/\",\"logo\":{\"@type\":\"ImageObject\",\"inLanguage\":\"hu\",\"@id\":\"https:\\\/\\\/lemonysoap.com\\\/hu\\\/#\\\/schema\\\/logo\\\/image\\\/\",\"url\":\"https:\\\/\\\/lemonysoap.com\\\/wp-content\\\/uploads\\\/2025\\\/01\\\/cropped-small-lemony-blue.png\",\"contentUrl\":\"https:\\\/\\\/lemonysoap.com\\\/wp-content\\\/uploads\\\/2025\\\/01\\\/cropped-small-lemony-blue.png\",\"width\":150,\"height\":70,\"caption\":\"Lemony Soap\"},\"image\":{\"@id\":\"https:\\\/\\\/lemonysoap.com\\\/hu\\\/#\\\/schema\\\/logo\\\/image\\\/\"}}]}<\/script>\n<meta property=\"og:availability\" content=\"instock\" \/>\n<meta property=\"product:availability\" content=\"instock\" \/>\n<meta property=\"product:condition\" content=\"new\" \/>\n<!-- \/ Yoast SEO Premium plugin. -->","yoast_head_json":{"title":"Liquid Soap 500 ml - Lemony Soap","robots":{"index":"index","follow":"follow","max-snippet":"max-snippet:-1","max-image-preview":"max-image-preview:large","max-video-preview":"max-video-preview:-1"},"canonical":"https:\/\/lemonysoap.com\/hu\/termek\/liquid-soap-500-ml\/","og_locale":"hu_HU","og_type":"article","og_title":"Liquid Soap 500 ml","og_description":"Magyar A classic infusion of fresh lemon essence, offering a crisp and invigorating cleanse that awakens your senses with every wash. Ingredients: Aqua, Sodium Laureth Sulfate, Cocamide DEA, Sodium Chlo- ride, Cocamidopropyl Beta- ine, Parfum, Glycerin, Sodium C10-13 Alkyl, Benzenesulfonate, Citric Acid, Methychloroisothiazolinone, CI 19140, Phenoxyethanol, Methylisothiazolinone, Ethylhexylglycerin, Citral","og_url":"https:\/\/lemonysoap.com\/hu\/termek\/liquid-soap-500-ml\/","og_site_name":"Lemony Soap","article_modified_time":"2025-03-28T12:24:11+00:00","og_image":[{"width":1512,"height":1512,"url":"https:\/\/lemonysoap.com\/wp-content\/uploads\/2025\/01\/IMG_7273.jpg","type":"image\/jpeg"}],"twitter_card":"summary_large_image","twitter_misc":{"El\u00e9rhet\u0151s\u00e9g":"K\u00e9szleten"},"schema":{"@context":"https:\/\/schema.org","@graph":[{"@type":"WebPage","@id":"https:\/\/lemonysoap.com\/hu\/termek\/liquid-soap-500-ml\/","url":"https:\/\/lemonysoap.com\/hu\/termek\/liquid-soap-500-ml\/","name":"Liquid Soap 500 ml - Lemony Soap","isPartOf":{"@id":"https:\/\/lemonysoap.com\/hu\/#website"},"primaryImageOfPage":{"@id":"https:\/\/lemonysoap.com\/hu\/termek\/liquid-soap-500-ml\/#primaryimage"},"image":{"@id":"https:\/\/lemonysoap.com\/hu\/termek\/liquid-soap-500-ml\/#primaryimage"},"thumbnailUrl":"https:\/\/lemonysoap.com\/wp-content\/uploads\/lemon-2.jpg","datePublished":"2025-01-08T18:50:06+00:00","dateModified":"2025-03-28T12:24:11+00:00","breadcrumb":{"@id":"https:\/\/lemonysoap.com\/hu\/termek\/liquid-soap-500-ml\/#breadcrumb"},"inLanguage":"hu","potentialAction":[{"@type":"ReadAction","target":["https:\/\/lemonysoap.com\/hu\/termek\/liquid-soap-500-ml\/"]}]},{"@type":"ImageObject","inLanguage":"hu","@id":"https:\/\/lemonysoap.com\/hu\/termek\/liquid-soap-500-ml\/#primaryimage","url":"https:\/\/lemonysoap.com\/wp-content\/uploads\/lemon-2.jpg","contentUrl":"https:\/\/lemonysoap.com\/wp-content\/uploads\/lemon-2.jpg","width":2000,"height":2000},{"@type":"BreadcrumbList","@id":"https:\/\/lemonysoap.com\/hu\/termek\/liquid-soap-500-ml\/#breadcrumb","itemListElement":[{"@type":"ListItem","position":1,"name":"Home","item":"https:\/\/lemonysoap.com\/hu\/"},{"@type":"ListItem","position":2,"name":"Shop","item":"https:\/\/lemonysoap.com\/shop\/"},{"@type":"ListItem","position":3,"name":"Liquid Soap 500 ml"}]},{"@type":"WebSite","@id":"https:\/\/lemonysoap.com\/hu\/#website","url":"https:\/\/lemonysoap.com\/hu\/","name":"Lemony Soap","description":"Bottling the magic of Lemons.","publisher":{"@id":"https:\/\/lemonysoap.com\/hu\/#organization"},"potentialAction":[{"@type":"SearchAction","target":{"@type":"EntryPoint","urlTemplate":"https:\/\/lemonysoap.com\/hu\/?s={search_term_string}"},"query-input":{"@type":"PropertyValueSpecification","valueRequired":true,"valueName":"search_term_string"}}],"inLanguage":"hu"},{"@type":"Organization","@id":"https:\/\/lemonysoap.com\/hu\/#organization","name":"Lemony Soap","url":"https:\/\/lemonysoap.com\/hu\/","logo":{"@type":"ImageObject","inLanguage":"hu","@id":"https:\/\/lemonysoap.com\/hu\/#\/schema\/logo\/image\/","url":"https:\/\/lemonysoap.com\/wp-content\/uploads\/2025\/01\/cropped-small-lemony-blue.png","contentUrl":"https:\/\/lemonysoap.com\/wp-content\/uploads\/2025\/01\/cropped-small-lemony-blue.png","width":150,"height":70,"caption":"Lemony Soap"},"image":{"@id":"https:\/\/lemonysoap.com\/hu\/#\/schema\/logo\/image\/"}}]},"og_availability":"instock","product_availability":"instock","product_condition":"new"},"_links":{"self":[{"href":"https:\/\/lemonysoap.com\/hu\/wp-json\/wp\/v2\/product\/23701","targetHints":{"allow":["GET"]}}],"collection":[{"href":"https:\/\/lemonysoap.com\/hu\/wp-json\/wp\/v2\/product"}],"about":[{"href":"https:\/\/lemonysoap.com\/hu\/wp-json\/wp\/v2\/types\/product"}],"replies":[{"embeddable":true,"href":"https:\/\/lemonysoap.com\/hu\/wp-json\/wp\/v2\/comments?post=23701"}],"version-history":[{"count":1,"href":"https:\/\/lemonysoap.com\/hu\/wp-json\/wp\/v2\/product\/23701\/revisions"}],"predecessor-version":[{"id":23709,"href":"https:\/\/lemonysoap.com\/hu\/wp-json\/wp\/v2\/product\/23701\/revisions\/23709"}],"wp:featuredmedia":[{"embeddable":true,"href":"https:\/\/lemonysoap.com\/hu\/wp-json\/wp\/v2\/media\/24924"}],"wp:attachment":[{"href":"https:\/\/lemonysoap.com\/hu\/wp-json\/wp\/v2\/media?parent=23701"}],"wp:term":[{"taxonomy":"product_brand","embeddable":true,"href":"https:\/\/lemonysoap.com\/hu\/wp-json\/wp\/v2\/product_brand?post=23701"},{"taxonomy":"product_cat","embeddable":true,"href":"https:\/\/lemonysoap.com\/hu\/wp-json\/wp\/v2\/product_cat?post=23701"},{"taxonomy":"product_tag","embeddable":true,"href":"https:\/\/lemonysoap.com\/hu\/wp-json\/wp\/v2\/product_tag?post=23701"}],"curies":[{"name":"wp","href":"https:\/\/api.w.org\/{rel}","templated":true}]}}